{"id":7516,"date":"2022-09-28T16:13:04","date_gmt":"2022-09-28T14:13:04","guid":{"rendered":"http:\/\/s880915159.onlinehome.fr\/TransAlps2023\/?page_id=7516"},"modified":"2023-07-10T17:29:36","modified_gmt":"2023-07-10T15:29:36","slug":"le-rallye-2021","status":"publish","type":"page","link":"http:\/\/www.trans-alps-rally.com\/en\/le-rallye-2021\/","title":{"rendered":"Le rallye 2021"},"content":{"rendered":"<div class=\"pt-cv-wrapper\"><div class=\"pt-cv-view pt-cv-grid pt-cv-colsys\" id=\"pt-cv-view-c172a26hc5\"><div data-id=\"pt-cv-page-1\" class=\"pt-cv-page\" data-cvc=\"2\"><div class=\"col-md-6 col-sm-12 col-xs-12 pt-cv-content-item pt-cv-2-col\" ><div class='pt-cv-ifield'><a href=\"http:\/\/www.trans-alps-rally.com\/en\/1er-trans-alps-rally-29-juin-verifications-administratives\/\" class=\"_self pt-cv-href-thumbnail pt-cv-thumb-left\" target=\"_self\" ><img width=\"150\" height=\"150\" src=\"http:\/\/www.trans-alps-rally.com\/wp-content\/uploads\/2021\/06\/TransAlpsRally2021-29juin-0012-150x150.jpg\" class=\"pt-cv-thumbnail pull-left\" alt=\"\" decoding=\"async\" loading=\"lazy\" \/><\/a>\n<h4 class=\"pt-cv-title\"><a href=\"http:\/\/www.trans-alps-rally.com\/en\/1er-trans-alps-rally-29-juin-verifications-administratives\/\" class=\"_self\" target=\"_self\" >1er Trans-Alps Rally &#8211; 29 juin : V\u00e9rifications Administratives<\/a><\/h4>\n<div class=\"pt-cv-content\">1st Trans-Alps Rally,29 june &#8211; 3 july 2021 29 june 2021: checkings Today, Tuesday, June 29, the traditional day of ...<br \/><div class=\"pt-cv-rmwrap\"><a href=\"http:\/\/www.trans-alps-rally.com\/en\/1er-trans-alps-rally-29-juin-verifications-administratives\/\" class=\"_self pt-cv-readmore btn btn-success\" target=\"_self\">Lire La Suite\u2026<\/a><\/div><\/div><\/div><\/div>\n<div class=\"col-md-6 col-sm-12 col-xs-12 pt-cv-content-item pt-cv-2-col\" ><div class='pt-cv-ifield'><a href=\"http:\/\/www.trans-alps-rally.com\/en\/etape-1-kitzbuhel-kitzbuhel\/\" class=\"_self pt-cv-href-thumbnail pt-cv-thumb-left\" target=\"_self\" ><img width=\"150\" height=\"150\" src=\"http:\/\/www.trans-alps-rally.com\/wp-content\/uploads\/2021\/06\/TransAlpsRally2021-30juin-0007-150x150.jpg\" class=\"pt-cv-thumbnail pull-left\" alt=\"\" decoding=\"async\" loading=\"lazy\" \/><\/a>\n<h4 class=\"pt-cv-title\"><a href=\"http:\/\/www.trans-alps-rally.com\/en\/etape-1-kitzbuhel-kitzbuhel\/\" class=\"_self\" target=\"_self\" >30 june: STAGE 1 \/ KITZB\u00dcHEL &#8211; KITZB\u00dcHEL<\/a><\/h4>\n<div class=\"pt-cv-content\">30 june: STAGE 1 \/ KITZB\u00dcHEL &#8211; KITZB\u00dcHEL The first stage of the Trans-Alps Rally, looping around Kitzb\u00fchel, offered a ...<br \/><div class=\"pt-cv-rmwrap\"><a href=\"http:\/\/www.trans-alps-rally.com\/en\/etape-1-kitzbuhel-kitzbuhel\/\" class=\"_self pt-cv-readmore btn btn-success\" target=\"_self\">Lire La Suite\u2026<\/a><\/div><\/div><\/div><\/div>\n<div class=\"col-md-6 col-sm-12 col-xs-12 pt-cv-content-item pt-cv-2-col\" ><div class='pt-cv-ifield'><a href=\"http:\/\/www.trans-alps-rally.com\/en\/1er-juillet-etape-2-kitzbuhel-solden\/\" class=\"_self pt-cv-href-thumbnail pt-cv-thumb-left\" target=\"_self\" ><img width=\"150\" height=\"150\" src=\"http:\/\/www.trans-alps-rally.com\/wp-content\/uploads\/2021\/07\/TransAlpsRally2021-01juillet-0010-150x150.jpg\" class=\"pt-cv-thumbnail pull-left\" alt=\"\" decoding=\"async\" loading=\"lazy\" \/><\/a>\n<h4 class=\"pt-cv-title\"><a href=\"http:\/\/www.trans-alps-rally.com\/en\/1er-juillet-etape-2-kitzbuhel-solden\/\" class=\"_self\" target=\"_self\" >1st JULY 2021: STAGE 2 \/ KITZB\u00dcHEL &#8211; S\u00d6LDEN<\/a><\/h4>\n<div class=\"pt-cv-content\">1st JULY 2021: STAGE 2 \/ KITZB\u00dcHEL &#8211; S\u00d6LDEN The first stage of the Trans-Alps Rally, looping around Kitzb\u00fchel, offered ...<br \/><div class=\"pt-cv-rmwrap\"><a href=\"http:\/\/www.trans-alps-rally.com\/en\/1er-juillet-etape-2-kitzbuhel-solden\/\" class=\"_self pt-cv-readmore btn btn-success\" target=\"_self\">Lire La Suite\u2026<\/a><\/div><\/div><\/div><\/div>\n<div class=\"col-md-6 col-sm-12 col-xs-12 pt-cv-content-item pt-cv-2-col\" ><div class='pt-cv-ifield'><a href=\"http:\/\/www.trans-alps-rally.com\/en\/2-juillet-etape-3-cortina-dampezzo-cortina-dampezzo\/\" class=\"_self pt-cv-href-thumbnail pt-cv-thumb-left\" target=\"_self\" ><img width=\"150\" height=\"150\" src=\"http:\/\/www.trans-alps-rally.com\/wp-content\/uploads\/2021\/07\/TransAlpsRally2021-02uillet-0001-2-150x150.jpg\" class=\"pt-cv-thumbnail pull-left\" alt=\"\" decoding=\"async\" loading=\"lazy\" \/><\/a>\n<h4 class=\"pt-cv-title\"><a href=\"http:\/\/www.trans-alps-rally.com\/en\/2-juillet-etape-3-cortina-dampezzo-cortina-dampezzo\/\" class=\"_self\" target=\"_self\" >1st JULY 2021: STAGE 2 \/ KITZB\u00dcHEL &#8211; S\u00d6LDEN<\/a><\/h4>\n<div class=\"pt-cv-content\">1st JULY 2021: STAGE 2 \/ KITZB\u00dcHEL &#8211; S\u00d6LDEN The first stage of the Trans-Alps Rally, looping around Kitzb\u00fchel, offered ...<br \/><div class=\"pt-cv-rmwrap\"><a href=\"http:\/\/www.trans-alps-rally.com\/en\/2-juillet-etape-3-cortina-dampezzo-cortina-dampezzo\/\" class=\"_self pt-cv-readmore btn btn-success\" target=\"_self\">Lire La Suite\u2026<\/a><\/div><\/div><\/div><\/div>\n<div class=\"col-md-6 col-sm-12 col-xs-12 pt-cv-content-item pt-cv-2-col\" ><div class='pt-cv-ifield'><a href=\"http:\/\/www.trans-alps-rally.com\/en\/3-juillet-etape-4-cortina-dampezzo-cortina-dampezzo\/\" class=\"_self pt-cv-href-thumbnail pt-cv-thumb-left\" target=\"_self\" ><img width=\"150\" height=\"150\" src=\"http:\/\/www.trans-alps-rally.com\/wp-content\/uploads\/2021\/07\/TransAlpsRally2021-03juillet-0016-1-150x150.jpg\" class=\"pt-cv-thumbnail pull-left\" alt=\"\" decoding=\"async\" loading=\"lazy\" \/><\/a>\n<h4 class=\"pt-cv-title\"><a href=\"http:\/\/www.trans-alps-rally.com\/en\/3-juillet-etape-4-cortina-dampezzo-cortina-dampezzo\/\" class=\"_self\" target=\"_self\" >3rd JULY 2021: STAGE 4 \/ CORTINA D\u2019AMPEZZO &#8211; CORTINA D\u2019AMPEZZO<\/a><\/h4>\n<div class=\"pt-cv-content\">3rd JULY 2021: STAGE 4 \/ CORTINA D\u2019AMPEZZO &#8211; CORTINA D\u2019AMPEZZO For this final stage, which took place under a ...<br \/><div class=\"pt-cv-rmwrap\"><a href=\"http:\/\/www.trans-alps-rally.com\/en\/3-juillet-etape-4-cortina-dampezzo-cortina-dampezzo\/\" class=\"_self pt-cv-readmore btn btn-success\" target=\"_self\">Lire La Suite\u2026<\/a><\/div><\/div><\/div><\/div>\n<div class=\"col-md-6 col-sm-12 col-xs-12 pt-cv-content-item pt-cv-2-col\" ><div class='pt-cv-ifield'><a href=\"http:\/\/www.trans-alps-rally.com\/en\/retour-sur-la-1ere-edition-du-trans-alps-rally\/\" class=\"_self pt-cv-href-thumbnail pt-cv-thumb-left\" target=\"_self\" ><img width=\"150\" height=\"150\" src=\"http:\/\/www.trans-alps-rally.com\/wp-content\/uploads\/2021\/07\/TransAlps2021-Equipage-114-0008-150x150.jpg\" class=\"pt-cv-thumbnail pull-left\" alt=\"\" decoding=\"async\" loading=\"lazy\" \/><\/a>\n<h4 class=\"pt-cv-title\"><a href=\"http:\/\/www.trans-alps-rally.com\/en\/retour-sur-la-1ere-edition-du-trans-alps-rally\/\" class=\"_self\" target=\"_self\" >A look back at the 1ST edition of THE TRANS-ALPS RALLY<\/a><\/h4>\n<div class=\"pt-cv-content\">A look back at the 1ST edition of THE TRANS-ALPS RALLY Tuesday, June 29, 2021, in Kitzb\u00fchel in Austria, took ...<br \/><div class=\"pt-cv-rmwrap\"><a href=\"http:\/\/www.trans-alps-rally.com\/en\/retour-sur-la-1ere-edition-du-trans-alps-rally\/\" class=\"_self pt-cv-readmore btn btn-success\" target=\"_self\">Lire La Suite\u2026<\/a><\/div><\/div><\/div><\/div><\/div><\/div><\/div>","protected":false},"excerpt":{"rendered":"","protected":false},"author":6,"featured_media":0,"parent":0,"menu_order":0,"comment_status":"closed","ping_status":"closed","template":"","meta":[],"translation":{"provider":"WPGlobus","version":"2.12.2","language":"en","enabled_languages":["fr","en"],"languages":{"fr":{"title":true,"content":true,"excerpt":false},"en":{"title":false,"content":false,"excerpt":false}}},"yoast_head":"<!-- This site is optimized with the Yoast SEO plugin v20.10 - https:\/\/yoast.com\/wordpress\/plugins\/seo\/ -->\n<title>Le rallye 2021 - Trans Alps Rally<\/title>\n<meta name=\"robots\" content=\"index, follow, max-snippet:-1, max-image-preview:large, max-video-preview:-1\" \/>\n<link rel=\"canonical\" href=\"http:\/\/www.trans-alps-rally.com\/le-rallye-2021\/\" \/>\n<meta property=\"og:locale\" content=\"en_US\" \/>\n<meta property=\"og:type\" content=\"article\" \/>\n<meta property=\"og:title\" content=\"Le rallye 2021 - Trans Alps Rally\" \/>\n<meta property=\"og:url\" content=\"http:\/\/www.trans-alps-rally.com\/le-rallye-2021\/\" \/>\n<meta property=\"og:site_name\" content=\"Trans Alps Rally\" \/>\n<meta property=\"article:modified_time\" content=\"2023-07-10T15:29:36+00:00\" \/>\n<meta name=\"twitter:card\" content=\"summary_large_image\" \/>\n<meta name=\"twitter:label1\" content=\"Est. reading time\" \/>\n\t<meta name=\"twitter:data1\" content=\"1 minute\" \/>\n<script type=\"application\/ld+json\" class=\"yoast-schema-graph\">{\"@context\":\"https:\/\/schema.org\",\"@graph\":[{\"@type\":\"WebPage\",\"@id\":\"http:\/\/www.trans-alps-rally.com\/le-rallye-2021\/\",\"url\":\"http:\/\/www.trans-alps-rally.com\/le-rallye-2021\/\",\"name\":\"Le rallye 2021 - Trans Alps Rally\",\"isPartOf\":{\"@id\":\"http:\/\/www.trans-alps-rally.com\/#website\"},\"datePublished\":\"2022-09-28T14:13:04+00:00\",\"dateModified\":\"2023-07-10T15:29:36+00:00\",\"breadcrumb\":{\"@id\":\"http:\/\/www.trans-alps-rally.com\/le-rallye-2021\/#breadcrumb\"},\"inLanguage\":\"en-US\",\"potentialAction\":[{\"@type\":\"ReadAction\",\"target\":[\"http:\/\/www.trans-alps-rally.com\/le-rallye-2021\/\"]}]},{\"@type\":\"BreadcrumbList\",\"@id\":\"http:\/\/www.trans-alps-rally.com\/le-rallye-2021\/#breadcrumb\",\"itemListElement\":[{\"@type\":\"ListItem\",\"position\":1,\"name\":\"Accueil\",\"item\":\"http:\/\/www.trans-alps-rally.com\/\"},{\"@type\":\"ListItem\",\"position\":2,\"name\":\"Le rallye 2021\"}]},{\"@type\":\"WebSite\",\"@id\":\"http:\/\/www.trans-alps-rally.com\/#website\",\"url\":\"http:\/\/www.trans-alps-rally.com\/\",\"name\":\"Trans Alps Rally\",\"description\":\"\",\"potentialAction\":[{\"@type\":\"SearchAction\",\"target\":{\"@type\":\"EntryPoint\",\"urlTemplate\":\"http:\/\/www.trans-alps-rally.com\/?s={search_term_string}\"},\"query-input\":\"required name=search_term_string\"}],\"inLanguage\":\"en-US\"}]}<\/script>\n<!-- \/ Yoast SEO plugin. -->","yoast_head_json":{"title":"Le rallye 2021 - Trans Alps Rally","robots":{"index":"index","follow":"follow","max-snippet":"max-snippet:-1","max-image-preview":"max-image-preview:large","max-video-preview":"max-video-preview:-1"},"canonical":"http:\/\/www.trans-alps-rally.com\/le-rallye-2021\/","og_locale":"en_US","og_type":"article","og_title":"Le rallye 2021 - Trans Alps Rally","og_url":"http:\/\/www.trans-alps-rally.com\/le-rallye-2021\/","og_site_name":"Trans Alps Rally","article_modified_time":"2023-07-10T15:29:36+00:00","twitter_card":"summary_large_image","twitter_misc":{"Est. reading time":"1 minute"},"schema":{"@context":"https:\/\/schema.org","@graph":[{"@type":"WebPage","@id":"http:\/\/www.trans-alps-rally.com\/le-rallye-2021\/","url":"http:\/\/www.trans-alps-rally.com\/le-rallye-2021\/","name":"Le rallye 2021 - Trans Alps Rally","isPartOf":{"@id":"http:\/\/www.trans-alps-rally.com\/#website"},"datePublished":"2022-09-28T14:13:04+00:00","dateModified":"2023-07-10T15:29:36+00:00","breadcrumb":{"@id":"http:\/\/www.trans-alps-rally.com\/le-rallye-2021\/#breadcrumb"},"inLanguage":"en-US","potentialAction":[{"@type":"ReadAction","target":["http:\/\/www.trans-alps-rally.com\/le-rallye-2021\/"]}]},{"@type":"BreadcrumbList","@id":"http:\/\/www.trans-alps-rally.com\/le-rallye-2021\/#breadcrumb","itemListElement":[{"@type":"ListItem","position":1,"name":"Accueil","item":"http:\/\/www.trans-alps-rally.com\/"},{"@type":"ListItem","position":2,"name":"Le rallye 2021"}]},{"@type":"WebSite","@id":"http:\/\/www.trans-alps-rally.com\/#website","url":"http:\/\/www.trans-alps-rally.com\/","name":"Trans Alps Rally","description":"","potentialAction":[{"@type":"SearchAction","target":{"@type":"EntryPoint","urlTemplate":"http:\/\/www.trans-alps-rally.com\/?s={search_term_string}"},"query-input":"required name=search_term_string"}],"inLanguage":"en-US"}]}},"_links":{"self":[{"href":"http:\/\/www.trans-alps-rally.com\/en\/wp-json\/wp\/v2\/pages\/7516"}],"collection":[{"href":"http:\/\/www.trans-alps-rally.com\/en\/wp-json\/wp\/v2\/pages"}],"about":[{"href":"http:\/\/www.trans-alps-rally.com\/en\/wp-json\/wp\/v2\/types\/page"}],"author":[{"embeddable":true,"href":"http:\/\/www.trans-alps-rally.com\/en\/wp-json\/wp\/v2\/users\/6"}],"replies":[{"embeddable":true,"href":"http:\/\/www.trans-alps-rally.com\/en\/wp-json\/wp\/v2\/comments?post=7516"}],"version-history":[{"count":2,"href":"http:\/\/www.trans-alps-rally.com\/en\/wp-json\/wp\/v2\/pages\/7516\/revisions"}],"predecessor-version":[{"id":7629,"href":"http:\/\/www.trans-alps-rally.com\/en\/wp-json\/wp\/v2\/pages\/7516\/revisions\/7629"}],"wp:attachment":[{"href":"http:\/\/www.trans-alps-rally.com\/en\/wp-json\/wp\/v2\/media?parent=7516"}],"curies":[{"name":"wp","href":"https:\/\/api.w.org\/{rel}","templated":true}]}}